{"id":3,"date":"2021-06-04T12:49:14","date_gmt":"2021-06-04T12:49:14","guid":{"rendered":"https:\/\/www.vinciituoichiliditroppo.com\/?page_id=3"},"modified":"2022-06-16T09:17:48","modified_gmt":"2022-06-16T09:17:48","slug":"termini-e-condizioni","status":"publish","type":"page","link":"https:\/\/www.vinciituoichiliditroppo.com\/index.php\/termini-e-condizioni\/","title":{"rendered":"Termini e condizioni | Privacy Policy"},"content":{"rendered":"<p><script id=\"CookieDeclaration\" src=\"https:\/\/consent.cookiebot.com\/55b25702-0f85-4929-8934-53f359e29326\/cd.js\" type=\"text\/javascript\" async><\/script><\/p>\n<h1 class=\"custom-page--tab-headline\">Termini e Condizioni<\/h1>\n<p><strong>Condizioni generali di vendita e di consegna degli ordini effettuati presso l\u2019Online-Shop FLP per clienti<\/strong><\/p>\n<p class=\"p3\">1. Ambito di validit\u00e0 &#8211; Rapporto contrattuale<\/p>\n<p class=\"p1\">1.1 Tutti i rapporti contrattuali intercorrono esclusivamente fra il committente e il rispettivo distributore della Forever Living Products Switzerland GmbH (in seguito \u00abdistributore\u00bb) nominato nell\u00b4ordine. La Forever Living Products Switzerland GmbH (in seguito \u00abFLP\u00bb) non \u00e8 parte contraente, ma incaricata e ausiliaria del distributore, limitandosi a raccogliere gli ordini, a incassare i pagamenti e ad effettuare la spedizione della merce.<\/p>\n<p class=\"p1\">1.2 Per tutte le consegne dei distributori ai committenti sono valide esclusivamente le presenti Condizioni generali di vendita e di consegna, salvo diversamente concordato per iscritto. Tramite il conferimento dell\u2019incarico, il committente approva esplicitamente queste condizioni.<\/p>\n<p class=\"p1\">1.3 Deroghe oppure integrazioni a queste Condizioni generali di vendita e di consegna, soprattutto l\u2019assunzione di altre Condizioni generali come Condizioni d\u00b4acquisto specifiche per il committente, sono valide solamente se sono state accettate dal distributore e per il relativo contratto d\u2019acquisto. L\u2019attuazione di questi accordi deve avvenire direttamente fra distributore e committente.<\/p>\n<p class=\"p3\">2. Stipula del contratto<\/p>\n<p class=\"p1\">Il contratto fra il committente e il distributore viene stipulato tramite il pagamento del prezzo d\u2019acquisto da parte del committente. Il committente pu\u00f2 cambiare il distributore a lui attribuito in ogni momento inoltrando una domanda scritta (e-mail) a FLP. Ha altres\u00ec la facolt\u00e0 di visitare lo shop di un altro Distributore e di ripetere la sua registrazione; in questo caso disporr\u00e0 di pi\u00f9 conti cliente.<\/p>\n<p class=\"p3\">3. Prezzi<\/p>\n<p class=\"p1\">3.1 Il prezzo d\u2019acquisto decisivo per gli ordini \u00e8 quello indicato sulla piattaforma online (Online-Shop FLP per clienti).<\/p>\n<p class=\"p1\">3.2 Tutti i prezzi indicati si intendono esclusi dei costi di imballaggio e spedizione dal magazzino svizzero della FLP, ma comprensivi di IVA.<\/p>\n<p class=\"p3\">4. Condizioni di pagamento<\/p>\n<p class=\"p1\">4.1 Acquistando presso l\u2019Online-Shop della FLP il prezzo d\u2019acquisto pu\u00f2 essere pagato solo in anticipo tramite carta di credito o Postcard. Altre modalit\u00e0 di pagamento devono essere concordate direttamente con il distributore. I relativi ordini non possono per\u00f2 essere sbrigati tramite l\u2019Online-Shop FLP.<\/p>\n<p class=\"p1\">4.2 Si esclude il calcolo di qualsiasi rivendicazione del committente in relazione al prezzo d\u2019acquisto dovuto per gli acquisti tramite l\u00b4Online-Shop FLP.<\/p>\n<p class=\"p3\">5. Consegna<\/p>\n<p class=\"p1\">5.1 La FLP evader\u00e0 l\u2019ordine a nome del distributore entro un congruo periodo di tempo. Se la FLP (in qualit\u00e0 di ausiliaria del distributore) \u00e8 in ritardo con l\u00b4effettuazione della consegna, il committente deve concedere alla FLP un termine di almeno tre settimane per l\u00b4adempimento. Se allo scadere del termine la FLP non ha ancora effettuato la consegna, il committente pu\u00f2 recedere dal contratto d\u2019acquisto.<\/p>\n<p class=\"p1\">5.2 La spedizione dei prodotti acquistati avviene in nome del distributore dal magazzino svizzero della FLP a spese e a rischio del committente.<\/p>\n<p class=\"p1\">5.3 Alla spedizione \u00e8 allegata una fattura con l\u2019indirizzo di fatturazione e (se disponibile) il numero della partita IVA del distributore.<\/p>\n<p class=\"p3\">6. Trasferimento di utili e rischi<\/p>\n<p class=\"p1\">Tutti i rischi vengono trasferiti al committente non appena il prodotto da consegnare \u00e8 stato ritirato dal magazzino svizzero della FLP ed \u00e8 pronto per la spedizione.<\/p>\n<p class=\"p3\">7. Verifica\/reclamo all\u2019accettazione della merce<\/p>\n<p class=\"p1\">7.1 Il committente \u00e8 tenuto a verificare i prodotti immediatamente dopo la ricezione. Il committente deve immediatamente comunicare al distributore, al pi\u00f9 tardi entro 5 giorni dalla ricezione (decisivo per la determinazione del termine \u00e8 l\u2019arrivo della comunicazione presso il distributore), per iscritto i prodotti che non corrispondono alla bolletta di consegna oppure i difetti visibili. Se il committente omette di fare ci\u00f2, i prodotti vengono considerati approvati.<\/p>\n<p class=\"p1\">7.2 Un reclamo oltre i termini provoca la perdita dei diritti di garanzia nei confronti del distributore.<\/p>\n<p class=\"p3\">8. Reclamo per difetti non accertabili al momento della ricezione dei prodotti<\/p>\n<p class=\"p1\">Se si verificano successivamente difetti che non erano riconoscibili durante la consueta verifica dei prodotti al momento della loro ricezione, il committente deve comunicare per iscritto al distributore tali difetti entro 5 giorni dalla scoperta, al pi\u00f9 tardi comunque entro i termini definiti al punto 9 (decisivo per la determinazione del termine \u00e8 l\u2019arrivo della comunicazione presso il distributore). Un reclamo oltre i termini provoca la perdita dei diritti di garanzia nei confronti del distributore.<\/p>\n<p class=\"p3\">9. Termini di garanzia\/durata e inizio<\/p>\n<p class=\"p1\">9.1 La garanzia dura al massimo 12 mesi dal giorno della consegna, al pi\u00f9 tardi comunque fino alla data di decorrenza della scadenza dei prodotti consegnati.<\/p>\n<p class=\"p3\">10. Garanzia<\/p>\n<p class=\"p1\">10.1 La garanzia si estende sui prodotti che costituiscono l\u2019oggetto del contratto d\u2019acquisto, che sono privi di difetti di fabbricazione e di contenuto e che sono esplicitamente conformi alle caratteristiche garantite.<\/p>\n<p class=\"p1\">10.2 Il distributore adempie il suo obbligo di garanzia sostituendo gratuitamente i prodotti difettosi.<\/p>\n<p class=\"p1\">10.3<a name=\"refund-policy\"><\/a>\u00a0Se, entro i primi 30 giorni dalla consegna, per qualsiasi motivo il prodotto non \u00e8 piaciuto al committente e il committente non ne ha gi\u00e0 utilizzato pi\u00f9 del 50%, restituendo il prodotto egli ha diritto alla restituzione dell\u2019intero prezzo d\u2019acquisto (esclusi costi di spedizione e di gestione) o alla sostituzione dello stesso con un altro prodotto di pari valore. Tale diritto di restituzione vale solo al primo acquisto del prodotto e non in relazione ad acquisti successivi.<\/p>\n<p class=\"p1\">10.4 Si escludono ulteriori rivendicazioni del committente, in particolare richieste di riduzione oppure sostituzione e risarcimento danni, nell\u2019ambito massimo consentito dalla legge. In nessun caso sussistono rivendicazioni del committente relative al risarcimento di danni conseguenti non imputabili ai prodotti consegnati, come in particolare perdita del salario, mancato guadagno e altri danni diretti e indiretti.<\/p>\n<p class=\"p1\">10.5 La garanzia cessa se il committente oppure terzi non hanno utilizzato o conservato i prodotti che costituiscono oggetto del contratto d\u2019acquisto secondo le disposizioni oppure non hanno utilizzato i prodotti entro il termine previsto dopo l\u2019apertura della confezione.<\/p>\n<p class=\"p3\">11. Esclusione di ulteriore responsabilit\u00e0<\/p>\n<p class=\"p1\">Qualora sussistano rivendicazioni da parte del committente che non sono regolamentate da queste Condizioni generali di vendita e di consegna, il distributore \u00e8 responsabile solamente per intenzione illecita o grave negligenza. Si esclude comunque totalmente la responsabilit\u00e0 del distributore per il personale ausiliario, nella misura in cui \u00e8 consentito dalla legge.<\/p>\n<p class=\"p3\">12. Foro competente<\/p>\n<p class=\"p1\">Per tutte le controversie derivanti o in relazione a questo contratto sono responsabili esclusivamente i fori in cui si trova la sede o la residenza del distributore. Tuttavia il distributore ha il diritto di citare in giudizio il committente anche presso la sede o residenza di quest\u2019ultimo.<\/p>\n<p class=\"p3\">13. Diritto applicabile<\/p>\n<p class=\"p1\">Le Condizioni generali di vendita e di consegna e i contratti d\u2019acquisto stipulati in applicazione di tali condizioni sottostanno al diritto svizzero, con esclusione della Convenzione sulla Vendita Internazionale di Beni delle Nazioni Unite (CISG).<\/p>\n","protected":false},"excerpt":{"rendered":"<p>Termini e Condizioni Condizioni generali di vendita e di consegna degli ordini effettuati presso l\u2019Online-Shop FLP per clienti 1. Ambito di validit\u00e0 &#8211; Rapporto contrattuale 1.1 Tutti i rapporti contrattuali intercorrono esclusivamente fra il committente e il rispettivo distributore della Forever Living Products Switzerland GmbH (in seguito \u00abdistributore\u00bb) nominato nell\u00b4ordine. La Forever Living Products Switzerland [&hellip;]<\/p>\n","protected":false},"author":1,"featured_media":0,"parent":0,"menu_order":0,"comment_status":"closed","ping_status":"closed","template":"","meta":{"_et_pb_use_builder":"","_et_pb_old_content":"","_et_gb_content_width":"","footnotes":""},"class_list":["post-3","page","type-page","status-publish","hentry"],"yoast_head":"<!-- This site is optimized with the Yoast SEO plugin v27.4 - https:\/\/yoast.com\/product\/yoast-seo-wordpress\/ -->\n<title>Termini e condizioni | Privacy Policy - Vinci i tuoi chili di troppo<\/title>\n<meta name=\"description\" content=\"Termini e CondizioniCondizioni generali di vendita e di consegna degli ordini effettuati presso l\u2019Online-Shop FLP per clienti1.\" \/>\n<meta name=\"robots\" content=\"index, follow, max-snippet:-1, max-image-preview:large, max-video-preview:-1\" \/>\n<link rel=\"canonical\" href=\"https:\/\/www.vinciituoichiliditroppo.com\/index.php\/termini-e-condizioni\/\" \/>\n<meta property=\"og:locale\" content=\"en_US\" \/>\n<meta property=\"og:type\" content=\"article\" \/>\n<meta property=\"og:title\" content=\"Termini e condizioni | Privacy Policy - Vinci i tuoi chili di troppo\" \/>\n<meta property=\"og:description\" content=\"Termini e CondizioniCondizioni generali di vendita e di consegna degli ordini effettuati presso l\u2019Online-Shop FLP per clienti1.\" \/>\n<meta property=\"og:url\" content=\"https:\/\/www.vinciituoichiliditroppo.com\/index.php\/termini-e-condizioni\/\" \/>\n<meta property=\"og:site_name\" content=\"Vinci i tuoi chili di troppo\" \/>\n<meta property=\"article:modified_time\" content=\"2022-06-16T09:17:48+00:00\" \/>\n<meta name=\"twitter:card\" content=\"summary_large_image\" \/>\n<meta name=\"twitter:label1\" content=\"Est. reading time\" \/>\n\t<meta name=\"twitter:data1\" content=\"5 minutes\" \/>\n<script type=\"application\/ld+json\" class=\"yoast-schema-graph\">{\"@context\":\"https:\\\/\\\/schema.org\",\"@graph\":[{\"@type\":\"WebPage\",\"@id\":\"https:\\\/\\\/www.vinciituoichiliditroppo.com\\\/index.php\\\/termini-e-condizioni\\\/\",\"url\":\"https:\\\/\\\/www.vinciituoichiliditroppo.com\\\/index.php\\\/termini-e-condizioni\\\/\",\"name\":\"Termini e condizioni | Privacy Policy - Vinci i tuoi chili di troppo\",\"isPartOf\":{\"@id\":\"https:\\\/\\\/www.vinciituoichiliditroppo.com\\\/#website\"},\"datePublished\":\"2021-06-04T12:49:14+00:00\",\"dateModified\":\"2022-06-16T09:17:48+00:00\",\"description\":\"Termini e CondizioniCondizioni generali di vendita e di consegna degli ordini effettuati presso l\u2019Online-Shop FLP per clienti1.\",\"breadcrumb\":{\"@id\":\"https:\\\/\\\/www.vinciituoichiliditroppo.com\\\/index.php\\\/termini-e-condizioni\\\/#breadcrumb\"},\"inLanguage\":\"en-US\",\"potentialAction\":[{\"@type\":\"ReadAction\",\"target\":[\"https:\\\/\\\/www.vinciituoichiliditroppo.com\\\/index.php\\\/termini-e-condizioni\\\/\"]}]},{\"@type\":\"BreadcrumbList\",\"@id\":\"https:\\\/\\\/www.vinciituoichiliditroppo.com\\\/index.php\\\/termini-e-condizioni\\\/#breadcrumb\",\"itemListElement\":[{\"@type\":\"ListItem\",\"position\":1,\"name\":\"Home\",\"item\":\"https:\\\/\\\/www.vinciituoichiliditroppo.com\\\/\"},{\"@type\":\"ListItem\",\"position\":2,\"name\":\"Termini e condizioni | Privacy Policy\"}]},{\"@type\":\"WebSite\",\"@id\":\"https:\\\/\\\/www.vinciituoichiliditroppo.com\\\/#website\",\"url\":\"https:\\\/\\\/www.vinciituoichiliditroppo.com\\\/\",\"name\":\"Vinci i tuoi chili di troppo\",\"description\":\"Acquista C9 Forever con assistenza\",\"potentialAction\":[{\"@type\":\"SearchAction\",\"target\":{\"@type\":\"EntryPoint\",\"urlTemplate\":\"https:\\\/\\\/www.vinciituoichiliditroppo.com\\\/?s={search_term_string}\"},\"query-input\":{\"@type\":\"PropertyValueSpecification\",\"valueRequired\":true,\"valueName\":\"search_term_string\"}}],\"inLanguage\":\"en-US\"}]}<\/script>\n<!-- \/ Yoast SEO plugin. -->","yoast_head_json":{"title":"Termini e condizioni | Privacy Policy - Vinci i tuoi chili di troppo","description":"Termini e CondizioniCondizioni generali di vendita e di consegna degli ordini effettuati presso l\u2019Online-Shop FLP per clienti1.","robots":{"index":"index","follow":"follow","max-snippet":"max-snippet:-1","max-image-preview":"max-image-preview:large","max-video-preview":"max-video-preview:-1"},"canonical":"https:\/\/www.vinciituoichiliditroppo.com\/index.php\/termini-e-condizioni\/","og_locale":"en_US","og_type":"article","og_title":"Termini e condizioni | Privacy Policy - Vinci i tuoi chili di troppo","og_description":"Termini e CondizioniCondizioni generali di vendita e di consegna degli ordini effettuati presso l\u2019Online-Shop FLP per clienti1.","og_url":"https:\/\/www.vinciituoichiliditroppo.com\/index.php\/termini-e-condizioni\/","og_site_name":"Vinci i tuoi chili di troppo","article_modified_time":"2022-06-16T09:17:48+00:00","twitter_card":"summary_large_image","twitter_misc":{"Est. reading time":"5 minutes"},"schema":{"@context":"https:\/\/schema.org","@graph":[{"@type":"WebPage","@id":"https:\/\/www.vinciituoichiliditroppo.com\/index.php\/termini-e-condizioni\/","url":"https:\/\/www.vinciituoichiliditroppo.com\/index.php\/termini-e-condizioni\/","name":"Termini e condizioni | Privacy Policy - Vinci i tuoi chili di troppo","isPartOf":{"@id":"https:\/\/www.vinciituoichiliditroppo.com\/#website"},"datePublished":"2021-06-04T12:49:14+00:00","dateModified":"2022-06-16T09:17:48+00:00","description":"Termini e CondizioniCondizioni generali di vendita e di consegna degli ordini effettuati presso l\u2019Online-Shop FLP per clienti1.","breadcrumb":{"@id":"https:\/\/www.vinciituoichiliditroppo.com\/index.php\/termini-e-condizioni\/#breadcrumb"},"inLanguage":"en-US","potentialAction":[{"@type":"ReadAction","target":["https:\/\/www.vinciituoichiliditroppo.com\/index.php\/termini-e-condizioni\/"]}]},{"@type":"BreadcrumbList","@id":"https:\/\/www.vinciituoichiliditroppo.com\/index.php\/termini-e-condizioni\/#breadcrumb","itemListElement":[{"@type":"ListItem","position":1,"name":"Home","item":"https:\/\/www.vinciituoichiliditroppo.com\/"},{"@type":"ListItem","position":2,"name":"Termini e condizioni | Privacy Policy"}]},{"@type":"WebSite","@id":"https:\/\/www.vinciituoichiliditroppo.com\/#website","url":"https:\/\/www.vinciituoichiliditroppo.com\/","name":"Vinci i tuoi chili di troppo","description":"Acquista C9 Forever con assistenza","potentialAction":[{"@type":"SearchAction","target":{"@type":"EntryPoint","urlTemplate":"https:\/\/www.vinciituoichiliditroppo.com\/?s={search_term_string}"},"query-input":{"@type":"PropertyValueSpecification","valueRequired":true,"valueName":"search_term_string"}}],"inLanguage":"en-US"}]}},"jetpack_sharing_enabled":true,"_links":{"self":[{"href":"https:\/\/www.vinciituoichiliditroppo.com\/index.php\/wp-json\/wp\/v2\/pages\/3","targetHints":{"allow":["GET"]}}],"collection":[{"href":"https:\/\/www.vinciituoichiliditroppo.com\/index.php\/wp-json\/wp\/v2\/pages"}],"about":[{"href":"https:\/\/www.vinciituoichiliditroppo.com\/index.php\/wp-json\/wp\/v2\/types\/page"}],"author":[{"embeddable":true,"href":"https:\/\/www.vinciituoichiliditroppo.com\/index.php\/wp-json\/wp\/v2\/users\/1"}],"replies":[{"embeddable":true,"href":"https:\/\/www.vinciituoichiliditroppo.com\/index.php\/wp-json\/wp\/v2\/comments?post=3"}],"version-history":[{"count":7,"href":"https:\/\/www.vinciituoichiliditroppo.com\/index.php\/wp-json\/wp\/v2\/pages\/3\/revisions"}],"predecessor-version":[{"id":824,"href":"https:\/\/www.vinciituoichiliditroppo.com\/index.php\/wp-json\/wp\/v2\/pages\/3\/revisions\/824"}],"wp:attachment":[{"href":"https:\/\/www.vinciituoichiliditroppo.com\/index.php\/wp-json\/wp\/v2\/media?parent=3"}],"curies":[{"name":"wp","href":"https:\/\/api.w.org\/{rel}","templated":true}]}}