{"id":897,"date":"2022-10-12T15:12:52","date_gmt":"2022-10-12T15:12:52","guid":{"rendered":"https:\/\/www.vinciituoichiliditroppo.com\/?post_type=product&#038;p=897"},"modified":"2022-10-12T17:14:04","modified_gmt":"2022-10-12T17:14:04","slug":"forever-plant-protein","status":"publish","type":"product","link":"https:\/\/www.vinciituoichiliditroppo.com\/index.php\/product\/forever-plant-protein\/","title":{"rendered":"Forever Plant Protein"},"content":{"rendered":"<p>Shake proteico vegano al gusto di vaniglia<\/p>\n<p>Con 17 grammi di proteine per porzione, Forever Plant Protein\u2122 \u00e8 una formula vegana che non contiene n\u00e9 derivati del latte n\u00e9 soia. Questo shake ha un delizioso sapore di vaniglia e, rispetto ad altre proteine di origine vegetale, ha una consistenza morbida e non granulosa. Le proteine dei piselli e della zucca contribuiscono alle normali funzioni delle ossa e alla crescita e al mantenimento della massa muscolare.<br \/>\nFormula vegana senza derivati del latte, senza glutine n\u00e9 soia.<br \/>\n17 g di proteine di piselli e zucca per porzione.<\/p>\n<p><img data-recalc-dims=\"1\" loading=\"lazy\" decoding=\"async\" class=\"alignnone wp-image-899\" src=\"https:\/\/i0.wp.com\/www.vinciituoichiliditroppo.com\/wp-content\/uploads\/2022\/10\/Schermata-2022-10-12-alle-17.11.00.png?resize=136%2C45&#038;ssl=1\" alt=\"\" width=\"136\" height=\"45\" \/><\/p>\n","protected":false},"excerpt":{"rendered":"<p>Shake proteico vegano al gusto di vaniglia Con 17 grammi di proteine per porzione, Forever Plant Protein\u2122 \u00e8 una formula vegana che non contiene n\u00e9 derivati del latte n\u00e9 soia. Questo shake ha un delizioso sapore di vaniglia e, rispetto ad altre proteine di origine vegetale, ha una consistenza morbida e non granulosa. Le proteine [&hellip;]<\/p>\n","protected":false},"featured_media":792,"comment_status":"open","ping_status":"closed","template":"","meta":{"_et_pb_use_builder":"","_et_pb_old_content":"","_et_gb_content_width":""},"product_brand":[],"product_cat":[130],"product_tag":[134],"class_list":{"0":"post-897","1":"product","2":"type-product","3":"status-publish","4":"has-post-thumbnail","6":"product_cat-forever-product","7":"product_tag-forever-plant-protein","9":"first","10":"instock","11":"taxable","12":"shipping-taxable","13":"purchasable","14":"product-type-simple"},"yoast_head":"<!-- This site is optimized with the Yoast SEO plugin v27.4 - https:\/\/yoast.com\/product\/yoast-seo-wordpress\/ -->\n<title>Forever Plant Protein - Vinci i tuoi chili di troppo<\/title>\n<meta name=\"description\" content=\"Con 17 grammi di proteine per porzione, Forever Plant Protein \u00e8 una formula vegana che non contiene n\u00e9 derivati del latte n\u00e9 soia.\" \/>\n<meta name=\"robots\" content=\"index, follow, max-snippet:-1, max-image-preview:large, max-video-preview:-1\" \/>\n<link rel=\"canonical\" href=\"https:\/\/www.vinciituoichiliditroppo.com\/index.php\/product\/forever-plant-protein\/\" \/>\n<meta property=\"og:locale\" content=\"en_US\" \/>\n<meta property=\"og:type\" content=\"article\" \/>\n<meta property=\"og:title\" content=\"Forever Plant Protein - Vinci i tuoi chili di troppo\" \/>\n<meta property=\"og:description\" content=\"Con 17 grammi di proteine per porzione, Forever Plant Protein \u00e8 una formula vegana che non contiene n\u00e9 derivati del latte n\u00e9 soia.\" \/>\n<meta property=\"og:url\" content=\"https:\/\/www.vinciituoichiliditroppo.com\/index.php\/product\/forever-plant-protein\/\" \/>\n<meta property=\"og:site_name\" content=\"Vinci i tuoi chili di troppo\" \/>\n<meta property=\"article:modified_time\" content=\"2022-10-12T17:14:04+00:00\" \/>\n<meta property=\"og:image\" content=\"https:\/\/www.vinciituoichiliditroppo.com\/wp-content\/uploads\/2022\/05\/Plant_Protein_EU_wPowder_Isolated_Kopie-e1653315202227.png\" \/>\n\t<meta property=\"og:image:width\" content=\"469\" \/>\n\t<meta property=\"og:image:height\" content=\"500\" \/>\n\t<meta property=\"og:image:type\" content=\"image\/png\" \/>\n<meta name=\"twitter:card\" content=\"summary_large_image\" \/>\n<meta name=\"twitter:label1\" content=\"Est. reading time\" \/>\n\t<meta name=\"twitter:data1\" content=\"1 minute\" \/>\n<script type=\"application\/ld+json\" class=\"yoast-schema-graph\">{\"@context\":\"https:\\\/\\\/schema.org\",\"@graph\":[{\"@type\":\"WebPage\",\"@id\":\"https:\\\/\\\/www.vinciituoichiliditroppo.com\\\/index.php\\\/product\\\/forever-plant-protein\\\/\",\"url\":\"https:\\\/\\\/www.vinciituoichiliditroppo.com\\\/index.php\\\/product\\\/forever-plant-protein\\\/\",\"name\":\"Forever Plant Protein - Vinci i tuoi chili di troppo\",\"isPartOf\":{\"@id\":\"https:\\\/\\\/www.vinciituoichiliditroppo.com\\\/#website\"},\"primaryImageOfPage\":{\"@id\":\"https:\\\/\\\/www.vinciituoichiliditroppo.com\\\/index.php\\\/product\\\/forever-plant-protein\\\/#primaryimage\"},\"image\":{\"@id\":\"https:\\\/\\\/www.vinciituoichiliditroppo.com\\\/index.php\\\/product\\\/forever-plant-protein\\\/#primaryimage\"},\"thumbnailUrl\":\"https:\\\/\\\/i0.wp.com\\\/www.vinciituoichiliditroppo.com\\\/wp-content\\\/uploads\\\/2022\\\/05\\\/Plant_Protein_EU_wPowder_Isolated_Kopie-e1653315202227.png?fit=469%2C500&ssl=1\",\"datePublished\":\"2022-10-12T15:12:52+00:00\",\"dateModified\":\"2022-10-12T17:14:04+00:00\",\"description\":\"Con 17 grammi di proteine per porzione, Forever Plant Protein \u00e8 una formula vegana che non contiene n\u00e9 derivati del latte n\u00e9 soia.\",\"breadcrumb\":{\"@id\":\"https:\\\/\\\/www.vinciituoichiliditroppo.com\\\/index.php\\\/product\\\/forever-plant-protein\\\/#breadcrumb\"},\"inLanguage\":\"en-US\",\"potentialAction\":[{\"@type\":\"ReadAction\",\"target\":[\"https:\\\/\\\/www.vinciituoichiliditroppo.com\\\/index.php\\\/product\\\/forever-plant-protein\\\/\"]}]},{\"@type\":\"ImageObject\",\"inLanguage\":\"en-US\",\"@id\":\"https:\\\/\\\/www.vinciituoichiliditroppo.com\\\/index.php\\\/product\\\/forever-plant-protein\\\/#primaryimage\",\"url\":\"https:\\\/\\\/i0.wp.com\\\/www.vinciituoichiliditroppo.com\\\/wp-content\\\/uploads\\\/2022\\\/05\\\/Plant_Protein_EU_wPowder_Isolated_Kopie-e1653315202227.png?fit=469%2C500&ssl=1\",\"contentUrl\":\"https:\\\/\\\/i0.wp.com\\\/www.vinciituoichiliditroppo.com\\\/wp-content\\\/uploads\\\/2022\\\/05\\\/Plant_Protein_EU_wPowder_Isolated_Kopie-e1653315202227.png?fit=469%2C500&ssl=1\",\"width\":469,\"height\":500},{\"@type\":\"BreadcrumbList\",\"@id\":\"https:\\\/\\\/www.vinciituoichiliditroppo.com\\\/index.php\\\/product\\\/forever-plant-protein\\\/#breadcrumb\",\"itemListElement\":[{\"@type\":\"ListItem\",\"position\":1,\"name\":\"Home\",\"item\":\"https:\\\/\\\/www.vinciituoichiliditroppo.com\\\/\"},{\"@type\":\"ListItem\",\"position\":2,\"name\":\"Shop\",\"item\":\"https:\\\/\\\/www.vinciituoichiliditroppo.com\\\/index.php\\\/shop\\\/\"},{\"@type\":\"ListItem\",\"position\":3,\"name\":\"Forever Plant Protein\"}]},{\"@type\":\"WebSite\",\"@id\":\"https:\\\/\\\/www.vinciituoichiliditroppo.com\\\/#website\",\"url\":\"https:\\\/\\\/www.vinciituoichiliditroppo.com\\\/\",\"name\":\"Vinci i tuoi chili di troppo\",\"description\":\"Acquista C9 Forever con assistenza\",\"potentialAction\":[{\"@type\":\"SearchAction\",\"target\":{\"@type\":\"EntryPoint\",\"urlTemplate\":\"https:\\\/\\\/www.vinciituoichiliditroppo.com\\\/?s={search_term_string}\"},\"query-input\":{\"@type\":\"PropertyValueSpecification\",\"valueRequired\":true,\"valueName\":\"search_term_string\"}}],\"inLanguage\":\"en-US\"}]}<\/script>\n<!-- \/ Yoast SEO plugin. -->","yoast_head_json":{"title":"Forever Plant Protein - Vinci i tuoi chili di troppo","description":"Con 17 grammi di proteine per porzione, Forever Plant Protein \u00e8 una formula vegana che non contiene n\u00e9 derivati del latte n\u00e9 soia.","robots":{"index":"index","follow":"follow","max-snippet":"max-snippet:-1","max-image-preview":"max-image-preview:large","max-video-preview":"max-video-preview:-1"},"canonical":"https:\/\/www.vinciituoichiliditroppo.com\/index.php\/product\/forever-plant-protein\/","og_locale":"en_US","og_type":"article","og_title":"Forever Plant Protein - Vinci i tuoi chili di troppo","og_description":"Con 17 grammi di proteine per porzione, Forever Plant Protein \u00e8 una formula vegana che non contiene n\u00e9 derivati del latte n\u00e9 soia.","og_url":"https:\/\/www.vinciituoichiliditroppo.com\/index.php\/product\/forever-plant-protein\/","og_site_name":"Vinci i tuoi chili di troppo","article_modified_time":"2022-10-12T17:14:04+00:00","og_image":[{"width":469,"height":500,"url":"https:\/\/www.vinciituoichiliditroppo.com\/wp-content\/uploads\/2022\/05\/Plant_Protein_EU_wPowder_Isolated_Kopie-e1653315202227.png","type":"image\/png"}],"twitter_card":"summary_large_image","twitter_misc":{"Est. reading time":"1 minute"},"schema":{"@context":"https:\/\/schema.org","@graph":[{"@type":"WebPage","@id":"https:\/\/www.vinciituoichiliditroppo.com\/index.php\/product\/forever-plant-protein\/","url":"https:\/\/www.vinciituoichiliditroppo.com\/index.php\/product\/forever-plant-protein\/","name":"Forever Plant Protein - Vinci i tuoi chili di troppo","isPartOf":{"@id":"https:\/\/www.vinciituoichiliditroppo.com\/#website"},"primaryImageOfPage":{"@id":"https:\/\/www.vinciituoichiliditroppo.com\/index.php\/product\/forever-plant-protein\/#primaryimage"},"image":{"@id":"https:\/\/www.vinciituoichiliditroppo.com\/index.php\/product\/forever-plant-protein\/#primaryimage"},"thumbnailUrl":"https:\/\/i0.wp.com\/www.vinciituoichiliditroppo.com\/wp-content\/uploads\/2022\/05\/Plant_Protein_EU_wPowder_Isolated_Kopie-e1653315202227.png?fit=469%2C500&ssl=1","datePublished":"2022-10-12T15:12:52+00:00","dateModified":"2022-10-12T17:14:04+00:00","description":"Con 17 grammi di proteine per porzione, Forever Plant Protein \u00e8 una formula vegana che non contiene n\u00e9 derivati del latte n\u00e9 soia.","breadcrumb":{"@id":"https:\/\/www.vinciituoichiliditroppo.com\/index.php\/product\/forever-plant-protein\/#breadcrumb"},"inLanguage":"en-US","potentialAction":[{"@type":"ReadAction","target":["https:\/\/www.vinciituoichiliditroppo.com\/index.php\/product\/forever-plant-protein\/"]}]},{"@type":"ImageObject","inLanguage":"en-US","@id":"https:\/\/www.vinciituoichiliditroppo.com\/index.php\/product\/forever-plant-protein\/#primaryimage","url":"https:\/\/i0.wp.com\/www.vinciituoichiliditroppo.com\/wp-content\/uploads\/2022\/05\/Plant_Protein_EU_wPowder_Isolated_Kopie-e1653315202227.png?fit=469%2C500&ssl=1","contentUrl":"https:\/\/i0.wp.com\/www.vinciituoichiliditroppo.com\/wp-content\/uploads\/2022\/05\/Plant_Protein_EU_wPowder_Isolated_Kopie-e1653315202227.png?fit=469%2C500&ssl=1","width":469,"height":500},{"@type":"BreadcrumbList","@id":"https:\/\/www.vinciituoichiliditroppo.com\/index.php\/product\/forever-plant-protein\/#breadcrumb","itemListElement":[{"@type":"ListItem","position":1,"name":"Home","item":"https:\/\/www.vinciituoichiliditroppo.com\/"},{"@type":"ListItem","position":2,"name":"Shop","item":"https:\/\/www.vinciituoichiliditroppo.com\/index.php\/shop\/"},{"@type":"ListItem","position":3,"name":"Forever Plant Protein"}]},{"@type":"WebSite","@id":"https:\/\/www.vinciituoichiliditroppo.com\/#website","url":"https:\/\/www.vinciituoichiliditroppo.com\/","name":"Vinci i tuoi chili di troppo","description":"Acquista C9 Forever con assistenza","potentialAction":[{"@type":"SearchAction","target":{"@type":"EntryPoint","urlTemplate":"https:\/\/www.vinciituoichiliditroppo.com\/?s={search_term_string}"},"query-input":{"@type":"PropertyValueSpecification","valueRequired":true,"valueName":"search_term_string"}}],"inLanguage":"en-US"}]}},"jetpack_sharing_enabled":true,"_links":{"self":[{"href":"https:\/\/www.vinciituoichiliditroppo.com\/index.php\/wp-json\/wp\/v2\/product\/897","targetHints":{"allow":["GET"]}}],"collection":[{"href":"https:\/\/www.vinciituoichiliditroppo.com\/index.php\/wp-json\/wp\/v2\/product"}],"about":[{"href":"https:\/\/www.vinciituoichiliditroppo.com\/index.php\/wp-json\/wp\/v2\/types\/product"}],"replies":[{"embeddable":true,"href":"https:\/\/www.vinciituoichiliditroppo.com\/index.php\/wp-json\/wp\/v2\/comments?post=897"}],"wp:featuredmedia":[{"embeddable":true,"href":"https:\/\/www.vinciituoichiliditroppo.com\/index.php\/wp-json\/wp\/v2\/media\/792"}],"wp:attachment":[{"href":"https:\/\/www.vinciituoichiliditroppo.com\/index.php\/wp-json\/wp\/v2\/media?parent=897"}],"wp:term":[{"taxonomy":"product_brand","embeddable":true,"href":"https:\/\/www.vinciituoichiliditroppo.com\/index.php\/wp-json\/wp\/v2\/product_brand?post=897"},{"taxonomy":"product_cat","embeddable":true,"href":"https:\/\/www.vinciituoichiliditroppo.com\/index.php\/wp-json\/wp\/v2\/product_cat?post=897"},{"taxonomy":"product_tag","embeddable":true,"href":"https:\/\/www.vinciituoichiliditroppo.com\/index.php\/wp-json\/wp\/v2\/product_tag?post=897"}],"curies":[{"name":"wp","href":"https:\/\/api.w.org\/{rel}","templated":true}]}}